{"id":3,"date":"2022-04-08T09:31:36","date_gmt":"2022-04-08T07:31:36","guid":{"rendered":"http:\/\/www.afadegiorgi.it\/en\/?page_id=3"},"modified":"2022-06-24T12:53:30","modified_gmt":"2022-06-24T10:53:30","slug":"privacy-policy","status":"publish","type":"page","link":"https:\/\/www.afadegiorgi.it\/en\/privacy-policy\/","title":{"rendered":"Privacy Policy"},"content":{"rendered":"\t\t<div data-elementor-type=\"wp-page\" data-elementor-id=\"3\" class=\"elementor elementor-3\" data-elementor-post-type=\"page\">\n\t\t\t\t\t\t<section class=\"elementor-section elementor-top-section elementor-element elementor-element-680e39b4 elementor-section-boxed elementor-section-height-default elementor-section-height-default\" data-id=\"680e39b4\" data-element_type=\"section\" data-e-type=\"section\">\n\t\t\t\t\t\t<div class=\"elementor-container elementor-column-gap-default\">\n\t\t\t\t\t<div class=\"elementor-column elementor-col-100 elementor-top-column elementor-element elementor-element-7e1715f1 who-we-aer-inner-sec\" data-id=\"7e1715f1\" data-element_type=\"column\" data-e-type=\"column\">\n\t\t\t<div class=\"elementor-widget-wrap elementor-element-populated\">\n\t\t\t\t\t\t<div class=\"elementor-element elementor-element-98183d3 elementor-widget elementor-widget-heading\" data-id=\"98183d3\" data-element_type=\"widget\" data-e-type=\"widget\" data-widget_type=\"heading.default\">\n\t\t\t\t<div class=\"elementor-widget-container\">\n\t\t\t\t\t<h2 class=\"elementor-heading-title elementor-size-default\">Privacy Policy<\/h2>\t\t\t\t<\/div>\n\t\t\t\t<\/div>\n\t\t\t\t<div class=\"elementor-element elementor-element-727843f5 elementor-widget elementor-widget-text-editor\" data-id=\"727843f5\" data-element_type=\"widget\" data-e-type=\"widget\" data-widget_type=\"text-editor.default\">\n\t\t\t\t<div class=\"elementor-widget-container\">\n\t\t\t\t\t\t\t\t\t<p>PRIVACY POLICY PER I VISITATORI DEL SITO www.afadegiorgi.it\/en<br \/>La presente Privacy Policy ha lo scopo di descrivere le modalit\u00e0 di gestione del sito www.afadegiorgi.it\/en in riferimento al trattamento dei dati personali degli utenti\/visitatori che lo consultano.<br \/>La policy \u00e8 resa soltanto per il sito sopra menzionato e non anche per altri siti web eventualmente consultati dall\u2019utente tramite appositi link.<br \/>A.F.A. Di De Giorgi F.lli S.r.l., con sede legale in Villanuova Sul Clisi (BS), alla Via Cavour 17, P.IVA n. 01534220981, Codice Fiscale 00496640178, Tel. 0365371271, e-mail afadegiorgi@afadegiorgi.it, PEC afadidegiorgifllisrl@pec-center.netregister.it in qualit\u00e0 di Titolare del trattamento dei dati personali, garantisce il rispetto della normativa in materia di protezione dei dati personali (Reg. 2016\/679\/EU D.Lgs 196\/03, come modificato dal d. lgs. 101\/2018). Si invitano gli utenti\/visitatori pertanto a leggere attentamente la presente Privacy Policy prima di inoltrare qualsiasi tipo di informazione personale a mezzo e-mail e\/o compilare qualunque modulo elettronico presente sul sito stesso.<br \/>Titolare del Trattamento dei dati.<br \/>Oltre alla societ\u00e0 Titolare come sopra identificata, possono assumere il ruolo di autonomi Titolari del trattamento gli eventuali siti partner che di volta in volta partecipano alle attivit\u00e0 di trattamento dei dati in maniera autonoma.<br \/>Oggetto del trattamento.<br \/>1) Dati di navigazione<br \/>I sistemi informatici e le procedure software preposte al funzionamento di questo sito Web acquisiscono, nel corso del loro normale esercizio, alcuni dati personali la cui trasmissione \u00e8 implicita nell&#8217;uso dei protocolli di comunicazione di Internet. Si tratta di informazioni che non sono raccolte per essere associate a interessati identificati, ma che per loro stessa natura potrebbero, attraverso elaborazioni ed associazioni con dati detenuti da terzi, permettere di identificare gli utenti. In questa categoria di dati rientrano gli indirizzi IP o i nomi a dominio dei computer utilizzati dagli utenti che si connettono al sito, gli indirizzi in notazione URI (Uniform Resource Identifier) delle risorse richieste, l&#8217;orario della richiesta, il metodo utilizzato nel sottoporre la richiesta al server, la dimensione del file ottenuto in risposta, il codice numerico indicante lo stato della risposta data dal server (buon fine, errore, ecc.) ed altri parametri relativi al sistema operativo e all&#8217;ambiente informatico dell&#8217;utente. Questi dati vengono utilizzati al solo fine di ricavare informazioni statistiche anonime sull&#8217;uso del sito e per controllarne il corretto funzionamento. I dati sui contatti web non vengono conservati, comunque, per pi\u00f9 di sette giorni, salvo eventuali accertamenti di reati informatici ai danni del sito.<br \/>Nessun dato derivante dal servizio web verr\u00e0 comunicato o diffuso.<br \/>2) Dati forniti volontariamente dagli utenti\/visitatori<br \/>Qualora gli utenti\/visitatori, collegandosi a questo sito, inviino propri dati personali per accedere a determinati servizi, ovvero per effettuare richieste in posta elettronica, sono consapevoli che ci\u00f2 comporta l\u2019acquisizione da parte del Titolare dell\u2019indirizzo del mittente e\/o di altri eventuali dati personali che verranno trattati esclusivamente per rispondere alla richiesta, ovvero per la fornitura del servizio.<br \/>I dati personali forniti dagli utenti\/visitatori verranno comunicati a terzi solo nel caso in cui la comunicazione sia necessaria per ottemperare alle richieste degli utenti\/visitatori medesimi o per obbligo di legge (come nel caso di fatturazione).<br \/>3) Cookies<br \/>Oltre ai dati espressamente conferiti al Titolare potranno essere registrati altri dati derivanti dalla navigazione da parte dell&#8217;utente sul sito: quando l&#8217;utente vi accede, infatti, il sito pu\u00f2 inviare all&#8217;utente un &#8220;cookie&#8221;. Un &#8220;cookie&#8221; \u00e8 un piccolo file di testo che il sito pu\u00f2 automaticamente inviare al computer dell&#8217;utente quando egli visualizza le nostre pagine. I &#8220;cookies&#8221; servono a rendere pi\u00f9 comoda la navigazione, oltre che ad ottenere informazioni sulla navigazione del singolo utente all&#8217;interno del sito e a permettere il funzionamento di alcuni servizi che richiedono l&#8217;identificazione del percorso dell&#8217;utente attraverso diverse pagine del sito. Per qualsiasi accesso al sito, indipendentemente dalla presenza di un &#8220;cookie&#8221;, il Sito registra il tipo di browser (es. Internet Explorer, Chrome, Firefox), il sistema operativo (es. Windows, Macintosh), l&#8217;host e l&#8217;URL di provenienza dell&#8217;utente-navigatore, oltre ai dati sulla pagina richiesta. Questi dati possono essere utilizzati in forma aggregata ed anonima per analisi statistiche sull&#8217;utilizzo del sito. Per la gestione completa dei cookies, consultare la pagina \u201cCookie policy\u201d di questo sito.<br \/>Modalit\u00e0 del trattamento.<br \/>Il trattamento viene effettuato attraverso strumenti automatizzati (ad es. utilizzando procedure e supporti elettronici) e\/o manualmente (ad es. su supporto cartaceo) per il tempo strettamente necessario a conseguire gli scopi per i quali i dati sono stati raccolti e, comunque, in conformit\u00e0 alle disposizioni normative vigenti in materia.<br \/>Specifiche misure di sicurezza sono osservate per prevenire la perdita dei dati, usi illeciti o non corretti degli stessi ed accessi non autorizzati, in modo da consentire l\u2019accesso ai soli incaricati o responsabili nominati in conformit\u00e0 alle disposizioni di legge vigenti. L\u2019elenco dei Responsabili esterni ai sensi dell\u2019art. 28 del Regolamento UE 679\/2016 \u00e8 disponibile presso la sede del Titolare o inoltrando una richiesta da remoto agli indirizzi sopra indicati.<br \/>Finalit\u00e0 del trattamento.<br \/>Oltre a quelle indicate nelle singole informative che precedono la compilazione dei form delle diverse sezioni del sito, le finalit\u00e0 del trattamento svolto dal Titolare devono intendersi quali:<br \/>a) raccolta e conservazione ed elaborazione ai fini dell&#8217;instaurazione e gestione operativa ed amministrativa del rapporto contrattuale connesso allo svolgimento del rapporto contrattuale instaurato e all&#8217;erogazione del servizio offerto sul sito;<br \/>b) utilizzo dei dati personali dell&#8217;utente (in particolare l&#8217;indirizzo e-mail) per effettuare comunicazioni di marketing diretto;<br \/>c) elaborazione dei dati personali forniti e di quelli desunti dalle navigazioni sul sito allo scopo di erogare un servizio coerente con le indicazioni trasmesse durante l&#8217;utilizzo del servizio;<br \/>d) raccolta, conservazione ed elaborazione dei dati per compiere analisi statistiche in forma anonima e\/o aggregata;<br \/>e) finalit\u00e0 funzionali allo svolgimento della nostra attivit\u00e0, quali offerta di contenuti personalizzati come ad esempio servizi di newsletter o invio di comunicazioni di marketing diretto.<br \/>Base giuridica del trattamento.<br \/>La base giuridica del trattamento dei dati dei Clienti svolto dal titolare tramite il sito in epigrafe indicato consiste, quanto alle indicazioni di cui al punto precedente sub a) nel contratto stipulato, o nella fase precontrattuale ad esso connessa, con gli Interessati, mentre per quanto sub b), c), d), e) la base giuridica \u00e8 da rinvenirsi nel legittimo interesse del Titolare alla libera iniziativa economica di cui all\u2019art. 41 Cost. Per quanto concerne le finalit\u00e0 ulteriori e future che dovessero necessitare di consenso, esso verr\u00e0 richiesto in apposito modulo e parimenti dovr\u00e0 ritenersi quale valida base giuridica.<br \/>Destinatari.<br \/>Oltre al titolare, in alcuni casi, potrebbero avere accesso ai dati categorie di Responsabili e soggetti autorizzati coinvolti nell\u2019organizzazione aziendale (personale amministrativo, commerciale, marketing, legali, commercialisti, amministratori di sistema). Inoltre, il Titolare potr\u00e0 avvalersi di soggetti esterni (come fornitori di servizi tecnici terzi, trasportatori, hosting provider, cloud service, societ\u00e0 informatiche, agenzie di comunicazione) che saranno nominati Responsabili esterni. L\u2019elenco aggiornato dei Responsabili potr\u00e0 sempre essere richiesto al Titolare del Trattamento, rivolgendosi all&#8217;indirizzo indicato sopra.<br \/>Trasferimento verso un Paese terzo.<br \/>Il titolare non trasferisce i dati dei Clienti\/Utenti\/navigatori del sito, in altri Paesi al di fuori dell\u2019Unione europea.<br \/>I dati trattati dal Titolare non saranno mai diffusi.<br \/>Luogo di trattamento dei dati.<br \/>I trattamenti connessi ai servizi web di questo sito hanno luogo in Italia e quindi, sulla base del Reg. 2016\/679\/EU da ritenersi idoneo in quanto rientrante nell\u2019ambito UE.<br \/>I dati sono trattati solo da personale tecnico dell&#8217;Ufficio incaricato del trattamento. In caso di necessit\u00e0, i dati connessi al servizio newsletter potranno essere trattati dal personale della societ\u00e0 che gestisce il Data Center (responsabile del trattamento ai sensi dell&#8217;articolo 28 Reg. 2016\/679\/EU), presso la sede della societ\u00e0 medesima.<br \/>Tempi e luogo di conservazione dei dati.<br \/>I dati sono trattati per il tempo necessario allo svolgimento del servizio richiesto dall\u2019Utente e poi distrutti con mezzi di distruzione sicuri, come distruggi-documenti per il cartaceo, e wiping per i dati su supporto informatico.<br \/>Facoltativit\u00e0 o obbligatoriet\u00e0 del conferimento dei dati.<br \/>A parte quanto specificato per i dati di navigazione che acquisiscono i dati automaticamente, gli utenti\/visitatori sono liberi di fornire i propri dati personali o non fornirli. Il loro mancato conferimento pu\u00f2 comportare unicamente l\u2019impossibilit\u00e0 di ottenere quanto richiesto. L\u2019invio facoltativo, esplicito e volontario di posta elettronica agli indirizzi indicati su questo sito comporta la successiva acquisizione dell\u2019indirizzo del mittente, necessario per rispondere alle richieste di servizi, prodotti o informazioni, nonch\u00e9 degli eventuali altri dati personali inseriti nella missiva.<br \/>Diritti degli interessati.<br \/>Il soggetto cui si riferiscono i dati personali ha il diritto in qualunque momento ai sensi del GDPR di ottenere la conferma dell\u2019esistenza o meno dei medesimi dati e di conoscerne il contenuto e l\u2019origine, verificarne l\u2019esattezza o chiederne l\u2019integrazione o l\u2019aggiornamento, oppure la rettifica.<br \/>Le richieste vanno rivolte a A.F.A. Di De Giorgi F.lli S.r.l., con sede legale in Villanuova Sul Clisi (BS), alla Via Cavour 17, Tel. 0365371271, e-mail afadegiorgi@afadegiorgi.it, PEC afadidegiorgifllisrl@pec-center.netregister.it.<br \/>In relazione al trattamento dei predetti dati il cliente\/utente ha diritto di ottenere dal Titolare:<br \/>1. la conferma dell\u2019esistenza o meno dei suoi dati personali, la loro comunicazione in forma intelligibile e la conoscenza della loro origine, nonch\u00e9 della logica su cui si basa il trattamento;<br \/>2. la cancellazione, entro un congruo termine, dei suoi dati, la loro trasformazione in forma anonima o il blocco di quelli trattati in violazione della legge;<br \/>3. l\u2019aggiornamento dei dati, la loro rettificazione o, quando vi abbia interesse, la loro integrazione;<br \/>4. l\u2019attestazione che le operazioni di cui ai precedenti punti 2) e 3), sono state portate a conoscenza di coloro ai quali sono stati comunicati, sempre che non risulti impossibile o comporti un impiego di mezzi sproporzionato;<br \/>5. la rettifica o la cancellazione dei dati che lo riguardano o la limitazione del trattamento;<br \/>6. ha diritto di revocare il consenso relativo a trattamenti facoltativi e non connessi all\u2019esecuzione del contratto sottoscritto con il Titolare;<br \/>7. ha, inoltre, diritto di opporsi per motivi legittimi al trattamento dei dati personali che lo riguardano, anche se pertinenti allo scopo della raccolta, di chiederne la portabilit\u00e0, di esercitare il diritto all\u2019oblio, nonch\u00e9 di rivolgersi sia all\u2019Autorit\u00e0 Giudiziaria ordinaria, sia all\u2019Autorit\u00e0 di controllo competente in materia di protezione dei dati personali per qualsiasi violazione ritenga di aver subito con le modalit\u00e0 indicate sul sito del Garante stesso all\u2019indirizzo www.garanteprivacy.it.<br \/>Processi decisionali automatizzati.<br \/>Non vengono svolti processi decisionali automatizzati sui dati aggregati raccolti, se non finalizzati alla migliore gestione del sito.<br \/>Minori.<br \/>Questo Sito e i Servizi del Titolare non sono destinati a minori di 18 anni e il Titolare non raccoglie intenzionalmente informazioni personali riferite ai minori. Nel caso in cui informazioni su minori fossero involontariamente registrate, il Titolare le canceller\u00e0 in modo tempestivo, su richiesta degli utenti.<br \/>Clausole finali.<br \/>Considerato lo stato attuale di evoluzione della normativa in materia di protezione di dati personali, si comunica che la presente privacy policy potr\u00e0 essere soggetta ad aggiornamenti.<\/p>\t\t\t\t\t\t\t\t<\/div>\n\t\t\t\t<\/div>\n\t\t\t\t\t<\/div>\n\t\t<\/div>\n\t\t\t\t\t<\/div>\n\t\t<\/section>\n\t\t\t\t<\/div>\n\t\t","protected":false},"excerpt":{"rendered":"<p>Privacy Policy PRIVACY POLICY PER I VISITATORI DEL SITO www.afadegiorgi.it\/enLa presente Privacy Policy ha lo scopo di descrivere le modalit\u00e0 di gestione del sito www.afadegiorgi.it\/en in riferimento al trattamento dei dati personali degli utenti\/visitatori che lo consultano.La policy \u00e8 resa soltanto per il sito sopra menzionato e non anche per altri siti web eventualmente consultati [&hellip;]<\/p>\n","protected":false},"author":1,"featured_media":0,"parent":0,"menu_order":0,"comment_status":"closed","ping_status":"open","template":"elementor_header_footer","meta":{"_acf_changed":false,"footnotes":""},"class_list":["post-3","page","type-page","status-publish","hentry"],"acf":[],"yoast_head":"<!-- This site is optimized with the Yoast SEO plugin v27.4 - https:\/\/yoast.com\/product\/yoast-seo-wordpress\/ -->\n<title>Privacy Policy - Afa de giorgi EN<\/title>\n<meta name=\"robots\" content=\"index, follow, max-snippet:-1, max-image-preview:large, max-video-preview:-1\" \/>\n<link rel=\"canonical\" href=\"https:\/\/www.afadegiorgi.it\/en\/privacy-policy\/\" \/>\n<meta property=\"og:locale\" content=\"en_US\" \/>\n<meta property=\"og:type\" content=\"article\" \/>\n<meta property=\"og:title\" content=\"Privacy Policy - Afa de giorgi EN\" \/>\n<meta property=\"og:description\" content=\"Privacy Policy PRIVACY POLICY PER I VISITATORI DEL SITO www.afadegiorgi.it\/enLa presente Privacy Policy ha lo scopo di descrivere le modalit\u00e0 di gestione del sito www.afadegiorgi.it\/en in riferimento al trattamento dei dati personali degli utenti\/visitatori che lo consultano.La policy \u00e8 resa soltanto per il sito sopra menzionato e non anche per altri siti web eventualmente consultati [&hellip;]\" \/>\n<meta property=\"og:url\" content=\"https:\/\/www.afadegiorgi.it\/en\/privacy-policy\/\" \/>\n<meta property=\"og:site_name\" content=\"Afa de giorgi EN\" \/>\n<meta property=\"article:modified_time\" content=\"2022-06-24T10:53:30+00:00\" \/>\n<meta name=\"twitter:card\" content=\"summary_large_image\" \/>\n<meta name=\"twitter:label1\" content=\"Est. reading time\" \/>\n\t<meta name=\"twitter:data1\" content=\"9 minutes\" \/>\n<script type=\"application\/ld+json\" class=\"yoast-schema-graph\">{\"@context\":\"https:\\\/\\\/schema.org\",\"@graph\":[{\"@type\":\"WebPage\",\"@id\":\"https:\\\/\\\/www.afadegiorgi.it\\\/en\\\/privacy-policy\\\/\",\"url\":\"https:\\\/\\\/www.afadegiorgi.it\\\/en\\\/privacy-policy\\\/\",\"name\":\"Privacy Policy - Afa de giorgi EN\",\"isPartOf\":{\"@id\":\"https:\\\/\\\/www.afadegiorgi.it\\\/en\\\/#website\"},\"datePublished\":\"2022-04-08T07:31:36+00:00\",\"dateModified\":\"2022-06-24T10:53:30+00:00\",\"breadcrumb\":{\"@id\":\"https:\\\/\\\/www.afadegiorgi.it\\\/en\\\/privacy-policy\\\/#breadcrumb\"},\"inLanguage\":\"en-US\",\"potentialAction\":[{\"@type\":\"ReadAction\",\"target\":[\"https:\\\/\\\/www.afadegiorgi.it\\\/en\\\/privacy-policy\\\/\"]}]},{\"@type\":\"BreadcrumbList\",\"@id\":\"https:\\\/\\\/www.afadegiorgi.it\\\/en\\\/privacy-policy\\\/#breadcrumb\",\"itemListElement\":[{\"@type\":\"ListItem\",\"position\":1,\"name\":\"Home\",\"item\":\"https:\\\/\\\/www.afadegiorgi.it\\\/en\\\/\"},{\"@type\":\"ListItem\",\"position\":2,\"name\":\"Privacy Policy\"}]},{\"@type\":\"WebSite\",\"@id\":\"https:\\\/\\\/www.afadegiorgi.it\\\/en\\\/#website\",\"url\":\"https:\\\/\\\/www.afadegiorgi.it\\\/en\\\/\",\"name\":\"Afa de giorgi EN\",\"description\":\"\",\"publisher\":{\"@id\":\"https:\\\/\\\/www.afadegiorgi.it\\\/en\\\/#organization\"},\"potentialAction\":[{\"@type\":\"SearchAction\",\"target\":{\"@type\":\"EntryPoint\",\"urlTemplate\":\"https:\\\/\\\/www.afadegiorgi.it\\\/en\\\/?s={search_term_string}\"},\"query-input\":{\"@type\":\"PropertyValueSpecification\",\"valueRequired\":true,\"valueName\":\"search_term_string\"}}],\"inLanguage\":\"en-US\"},{\"@type\":\"Organization\",\"@id\":\"https:\\\/\\\/www.afadegiorgi.it\\\/en\\\/#organization\",\"name\":\"Afa de giorgi EN\",\"url\":\"https:\\\/\\\/www.afadegiorgi.it\\\/en\\\/\",\"logo\":{\"@type\":\"ImageObject\",\"inLanguage\":\"en-US\",\"@id\":\"https:\\\/\\\/www.afadegiorgi.it\\\/en\\\/#\\\/schema\\\/logo\\\/image\\\/\",\"url\":\"https:\\\/\\\/www.afadegiorgi.it\\\/en\\\/wp-content\\\/uploads\\\/sites\\\/3\\\/2022\\\/04\\\/Group-48.png\",\"contentUrl\":\"https:\\\/\\\/www.afadegiorgi.it\\\/en\\\/wp-content\\\/uploads\\\/sites\\\/3\\\/2022\\\/04\\\/Group-48.png\",\"width\":136,\"height\":95,\"caption\":\"Afa de giorgi EN\"},\"image\":{\"@id\":\"https:\\\/\\\/www.afadegiorgi.it\\\/en\\\/#\\\/schema\\\/logo\\\/image\\\/\"}}]}<\/script>\n<!-- \/ Yoast SEO plugin. -->","yoast_head_json":{"title":"Privacy Policy - Afa de giorgi EN","robots":{"index":"index","follow":"follow","max-snippet":"max-snippet:-1","max-image-preview":"max-image-preview:large","max-video-preview":"max-video-preview:-1"},"canonical":"https:\/\/www.afadegiorgi.it\/en\/privacy-policy\/","og_locale":"en_US","og_type":"article","og_title":"Privacy Policy - Afa de giorgi EN","og_description":"Privacy Policy PRIVACY POLICY PER I VISITATORI DEL SITO www.afadegiorgi.it\/enLa presente Privacy Policy ha lo scopo di descrivere le modalit\u00e0 di gestione del sito www.afadegiorgi.it\/en in riferimento al trattamento dei dati personali degli utenti\/visitatori che lo consultano.La policy \u00e8 resa soltanto per il sito sopra menzionato e non anche per altri siti web eventualmente consultati [&hellip;]","og_url":"https:\/\/www.afadegiorgi.it\/en\/privacy-policy\/","og_site_name":"Afa de giorgi EN","article_modified_time":"2022-06-24T10:53:30+00:00","twitter_card":"summary_large_image","twitter_misc":{"Est. reading time":"9 minutes"},"schema":{"@context":"https:\/\/schema.org","@graph":[{"@type":"WebPage","@id":"https:\/\/www.afadegiorgi.it\/en\/privacy-policy\/","url":"https:\/\/www.afadegiorgi.it\/en\/privacy-policy\/","name":"Privacy Policy - Afa de giorgi EN","isPartOf":{"@id":"https:\/\/www.afadegiorgi.it\/en\/#website"},"datePublished":"2022-04-08T07:31:36+00:00","dateModified":"2022-06-24T10:53:30+00:00","breadcrumb":{"@id":"https:\/\/www.afadegiorgi.it\/en\/privacy-policy\/#breadcrumb"},"inLanguage":"en-US","potentialAction":[{"@type":"ReadAction","target":["https:\/\/www.afadegiorgi.it\/en\/privacy-policy\/"]}]},{"@type":"BreadcrumbList","@id":"https:\/\/www.afadegiorgi.it\/en\/privacy-policy\/#breadcrumb","itemListElement":[{"@type":"ListItem","position":1,"name":"Home","item":"https:\/\/www.afadegiorgi.it\/en\/"},{"@type":"ListItem","position":2,"name":"Privacy Policy"}]},{"@type":"WebSite","@id":"https:\/\/www.afadegiorgi.it\/en\/#website","url":"https:\/\/www.afadegiorgi.it\/en\/","name":"Afa de giorgi EN","description":"","publisher":{"@id":"https:\/\/www.afadegiorgi.it\/en\/#organization"},"potentialAction":[{"@type":"SearchAction","target":{"@type":"EntryPoint","urlTemplate":"https:\/\/www.afadegiorgi.it\/en\/?s={search_term_string}"},"query-input":{"@type":"PropertyValueSpecification","valueRequired":true,"valueName":"search_term_string"}}],"inLanguage":"en-US"},{"@type":"Organization","@id":"https:\/\/www.afadegiorgi.it\/en\/#organization","name":"Afa de giorgi EN","url":"https:\/\/www.afadegiorgi.it\/en\/","logo":{"@type":"ImageObject","inLanguage":"en-US","@id":"https:\/\/www.afadegiorgi.it\/en\/#\/schema\/logo\/image\/","url":"https:\/\/www.afadegiorgi.it\/en\/wp-content\/uploads\/sites\/3\/2022\/04\/Group-48.png","contentUrl":"https:\/\/www.afadegiorgi.it\/en\/wp-content\/uploads\/sites\/3\/2022\/04\/Group-48.png","width":136,"height":95,"caption":"Afa de giorgi EN"},"image":{"@id":"https:\/\/www.afadegiorgi.it\/en\/#\/schema\/logo\/image\/"}}]}},"_links":{"self":[{"href":"https:\/\/www.afadegiorgi.it\/en\/wp-json\/wp\/v2\/pages\/3","targetHints":{"allow":["GET"]}}],"collection":[{"href":"https:\/\/www.afadegiorgi.it\/en\/wp-json\/wp\/v2\/pages"}],"about":[{"href":"https:\/\/www.afadegiorgi.it\/en\/wp-json\/wp\/v2\/types\/page"}],"author":[{"embeddable":true,"href":"https:\/\/www.afadegiorgi.it\/en\/wp-json\/wp\/v2\/users\/1"}],"replies":[{"embeddable":true,"href":"https:\/\/www.afadegiorgi.it\/en\/wp-json\/wp\/v2\/comments?post=3"}],"version-history":[{"count":15,"href":"https:\/\/www.afadegiorgi.it\/en\/wp-json\/wp\/v2\/pages\/3\/revisions"}],"predecessor-version":[{"id":2756,"href":"https:\/\/www.afadegiorgi.it\/en\/wp-json\/wp\/v2\/pages\/3\/revisions\/2756"}],"wp:attachment":[{"href":"https:\/\/www.afadegiorgi.it\/en\/wp-json\/wp\/v2\/media?parent=3"}],"curies":[{"name":"wp","href":"https:\/\/api.w.org\/{rel}","templated":true}]}}